{"id":3,"date":"2024-09-13T19:13:57","date_gmt":"2024-09-13T17:13:57","guid":{"rendered":"https:\/\/laciocca.it\/?page_id=3"},"modified":"2025-02-03T16:10:31","modified_gmt":"2025-02-03T15:10:31","slug":"privacy-e-cookie-policy","status":"publish","type":"page","link":"https:\/\/laciocca.it\/en\/privacy-e-cookie-policy\/","title":{"rendered":"Privacy e cookie Policy"},"content":{"rendered":"\n<p><strong><em>Cantine Campana- Qualit\u00e0 e Tradizione dal 1972<\/em><\/strong><\/p>\n\n\n\n<h3 class=\"wp-block-heading\">Informazioni fornite ai sensi dell\u2019Art.13 del Reg.UE 2016\/679 (di seguito GDPR)<\/h3>\n\n\n\n<h4 class=\"wp-block-heading\">Informazioni di carattere generale<\/h4>\n\n\n\n<p>Si informano gli interessati (ex. Art.4, c.1 del GDPR) dei seguenti profili generali, validi per tutti gli ambiti del trattamento:<\/p>\n\n\n\n<ul class=\"wp-block-list\">\n<li>tutti i dati sono trattati in modo lecito, corretto e trasparente nei confronti dell\u2019interessato, nel rispetto dei principi generali previsti dall\u2019Art.5 del GDPR;<\/li>\n\n\n\n<li>specifiche misure di sicurezza sono osservate per prevenire la perdita dei dati, usi illeciti, o non corretti ed accessi non autorizzati.<\/li>\n<\/ul>\n\n\n\n<h4 class=\"wp-block-heading\">Riferimenti e diritti degli interessati<\/h4>\n\n\n\n<ul class=\"wp-block-list\">\n<li>il Titolare del Trattamento \u00e8 la scrivente Societ\u00e0 Campana Snc di Campana Gio Maria Dante, in persona del legale rappresentante pro-tempore, al quale \u00e8 possibile rivolgersi per esercitare tutti i diritti previsti dagli art.15-21 del GDPR (diritto di accesso, di rettifica, di cancellazione, di limitazione, di portabilit\u00e0, di opposizione), nonch\u00e9 revocare un consenso precedentemente accordato; in caso di mancato riscontro alle loro richieste gli interessati possono proporre un reclamo all\u2019Autorit\u00e0 di controllo per la protezione dei dati personali (GDPR &#8211; Art.13, comma2, lettera d).<\/li>\n<\/ul>\n\n\n\n<h4 class=\"wp-block-heading\">Dati di contatto del Titolare<\/h4>\n\n\n\n<p>Indirizzo: Via Madonna della Quercia 116, Ciriano di Carpaneto P.no 29013<\/p>\n\n\n\n<p>Tel: 0523859448 \u2013 Fax: 0523 853554 &#8211; P.I 00266580331 &#8211; Email: <a href=\"mailto: info@cantinecampana.it\">info@cantinecampana.it<\/a>.<\/p>\n\n\n\n<h4 class=\"wp-block-heading\">Dati di navigazione<\/h4>\n\n\n\n<p>I sistemi informatici e le procedure software preposte al funzionamento di questo sito web acquisiscono, nel corso del loro normale esercizio, alcuni dati personali la cui trasmissione \u00e8 implicita nell&#8217;uso dei protocolli di comunicazione di Internet. Si tratta di informazioni che non sono raccolte per essere associate a interessati identificati, ma che per loro stessa natura potrebbero, attraverso elaborazioni ed associazioni con dati detenuti da terzi, permettere di identificare gli utenti.In questa categoria di dati rientrano gli indirizzi IP o i nomi a dominio dei computer utilizzati dagli utenti che si connettono al sito, gli indirizzi in notazione URI (Uniform Resource Identifier) delle risorse richieste, l&#8217;orario della richiesta, il metodo utilizzato nel sottoporre la richiesta al server, la dimensione del file ottenuto in risposta, il codice numerico indicante lo stato della risposta data dal server (buon fine, errore, ecc.) ed altri parametri relativi al sistema operativo e all&#8217;ambiente informatico dell&#8217;utente.<\/p>\n\n\n\n<figure class=\"wp-block-table\"><table class=\"has-fixed-layout\"><tbody><tr><td><strong>Finalit\u00e0 e base giuridica del trattamento<\/strong><br>(GDPR-Art.13, comma 1, lett.c)<\/td><td>Questi dati vengono utilizzati al solo fine di ricavare informazioni statistiche sull&#8217;uso del sito e per controllarne il corretto funzionamento. I dati potrebbero inoltre essere utilizzati per l&#8217;accertamento di responsabilit\u00e0 in caso di ipotetici reati informatici ai danni del sito (legittimi interessi del titolare).<\/td><\/tr><tr><td><strong>Ambito di comunicazione<\/strong><br>(GDPR-Art.13, comma 1, lett.e,f)<\/td><td>I dati possono essere trattati esclusivamente da personale interno, regolarmente autorizzato ed istruito al trattamento (GDPR-Art.29) oppure da eventuali soggettipreposti alla manutenzione della piattaforma web (nominati in tal caso responsabili esterni) e non saranno comunicati adaltri soggetti, diffusi o trasferiti in paesi extra-UE. Solamente in caso di indagine potranno essere messi a disposizione delle autorit\u00e0 competenti.<\/td><\/tr><tr><td><strong>Periodo di conservazione dei dati<\/strong><br>(GDPR-Art.13, comma 2, lett.a)<\/td><td>I dati sono di norma conservati per brevi periodi di tempo, ad eccezione di eventuali prolungamenti connessi ad attivit\u00e0 di indagine.<\/td><\/tr><tr><td><strong>Conferimento<\/strong><br>(GDPR-Art.13, comma 2, lett.f) I dati non sono conferiti dall\u2019interessato ma acquisiti automaticamente dai sistemi tecnologici del sito.<\/td><td>I dati non sono conferiti dall\u2019interessato ma acquisiti automaticamente dai sistemi tecnologici del sito.<\/td><\/tr><\/tbody><\/table><\/figure>\n\n\n\n<h4 class=\"wp-block-heading\">Cookies<\/h4>\n\n\n\n<p><strong>Cosa sono i cookies<\/strong>: I cookie sono brevi frammenti di testo (lettere e\/o numeri) che permettono al server web di memorizzare sul client (il browser) informazioni da riutilizzare nel corso della medesima visita al sito (cookie di sessione) o in seguito, anche a distanza di giorni (cookie persistenti). I cookie vengono memorizzati, in base alle preferenze dell&#8217;utente, dal singolo browser sullo specifico dispositivo utilizzato (computer, tablet, smartphone). Tecnologie similari, come, ad esempio, web beacon, GIF trasparenti e tutte le forme di storage locale introdotte con HTML5, sono utilizzabili per raccogliere informazioni sul comportamento dell&#8217;utente e sull&#8217;utilizzo dei servizi. Nel seguito di questa informativa faremo riferimento ai cookie e a tutte le tecnologie similari utilizzando semplicemente il termine \u201ccookie\u201d.<\/p>\n\n\n\n<h4 class=\"wp-block-heading\">Possibili tipologie di cookies di prima parte e modalit\u00e0 di gestione delle preferenze<\/h4>\n\n\n\n<figure class=\"wp-block-table\"><table class=\"has-fixed-layout\"><tbody><tr><th>CATEGORIA<\/th><th>FINALIT\u00c0<\/th><th>GESTIONE DELLE PREFERENZE<\/th><\/tr><tr><td><strong>Tecnici di navigazione o di sessione<\/strong><\/td><td>Garantire la normale navigazione e fruizione del sito<\/td><td rowspan=\"4\">Tramite i principali browser di navigazione \u00e8 possibile: Bloccare di default la ricezione di tutte (o alcune) tipologie di cookies Visualizzare l\u2019elenco analitico dei cookies utilizzati Rimuovere tutti o alcuni dei cookies installati Per informazioni sul settaggio dei singoli browser vedi specifico paragrafo. Si segnala che il blocco o la cancellazione di cookies potrebbe compromettere la navigabilit\u00e0 del sito.<\/td><\/tr><tr><td><strong>Tecnici analitici<\/strong><\/td><td>Raccogliere informazioni sul numero dei visitatori e sulle pagine visualizzate<\/td><\/tr><tr><td><strong>Tecnici di funzionalit\u00e0<\/strong><\/td><td>Permettere la navigazione in funzione di una serie di criteri selezionati<\/td><\/tr><tr><td><strong>Di profilazione<\/strong><\/td><td>Creare profili relativi all\u2019utente al fine di inviare messaggi pubblicitari in linea con le preferenze<\/td><\/tr><\/tbody><\/table><\/figure>\n\n\n\n<p>Il sito potrebbe contenere link a siti terzi e cookies di terze parti; per maggiori informazioni vi invitiamo a visionare privacy policy degli eventuali siti linkati.<\/p>\n\n\n\n<h4 class=\"wp-block-heading\">Gestione delle preferenze tramite i principali browser di navigazione<\/h4>\n\n\n\n<p>L&#8217;utente pu\u00f2 decidere se accettare o meno i cookie utilizzando le impostazioni del proprio browser (segnaliamo che, di default, quasi tutti i browser web sono impostati per accettare automaticamente i cookie). L&#8217;impostazione pu\u00f2 essere modificata e definita in modo specifico per i diversi siti e applicazioni web. Inoltre i migliori browser consentono di definire impostazioni diverse per i cookie \u201cproprietari\u201d e per quelli di \u201cterze parti\u201d. Solitamente, la configurazione dei cookie \u00e8 effettuata dal menu \u201cPreferenze\u201d, \u201cStrumenti\u201d o \u201cOpzioni\u201d.<\/p>\n\n\n\n<p>Si riportano di seguito i link alle guide per le gestione dei cookie dei principali browser:<\/p>\n\n\n\n<ul class=\"wp-block-list\">\n<li>Internet Explorer: <a href=\"http:\/\/support.microsoft.com\/kb\/278835\" target=\"_blank\" rel=\"noreferrer noopener\">http:\/\/support.microsoft.com\/kb\/278835<\/a><\/li>\n\n\n\n<li>Internet Explorer [versione mobile]: <a href=\"http:\/\/www.windowsphone.com\/en-us\/how-to\/wp7\/web\/changing-privacy-and-other-browser-settings\" target=\"_blank\" rel=\"noreferrer noopener\">http:\/\/www.windowsphone.com\/en-us\/how-to\/wp7\/web\/changing-privacy-and-other-browser-settings<\/a><\/li>\n\n\n\n<li>Chrome: <a href=\"http:\/\/support.google.com\/chrome\/bin\/answer.py?hl=en-GB&amp;answer=95647\" target=\"_blank\" rel=\"noreferrer noopener\">http:\/\/support.google.com\/chrome\/bin\/answer.py?hl=en-GB&amp;answer=95647<\/a><\/li>\n\n\n\n<li>Safari: <a href=\"http:\/\/docs.info.apple.com\/article.html?path=Safari\/5.0\/en\/9277.html\" target=\"_blank\" rel=\"noreferrer noopener\">http:\/\/docs.info.apple.com\/article.html?path=Safari\/5.0\/en\/9277.html<\/a><\/li>\n\n\n\n<li>Safari [versione mobile]: <a href=\"http:\/\/support.apple.com\/kb\/HT1677\" target=\"_blank\" rel=\"noreferrer noopener\">http:\/\/support.apple.com\/kb\/HT1677<\/a><\/li>\n\n\n\n<li>Firefox: <a href=\"http:\/\/support.mozilla.org\/en-US\/kb\/Enabling%20and%20disabling%20cookies\" target=\"_blank\" rel=\"noreferrer noopener\">http:\/\/support.mozilla.org\/en-US\/kb\/Enabling%20and%20disabling%20cookies<\/a><\/li>\n\n\n\n<li>Android: <a href=\"https:\/\/support.google.com\/accounts\/answer\/61416?co=GENIE.Platform%3DAndroid&amp;hl=en\" target=\"_blank\" rel=\"noreferrer noopener\">https:\/\/support.google.com\/accounts\/answer\/61416?co=GENIE.Platform%3DAndroid&amp;hl=en<\/a><\/li>\n\n\n\n<li>Opera: <a href=\"http:\/\/help.opera.com\/opera\/Windows\/1781\/it\/controlPages.html#manageCookies\" target=\"_blank\" rel=\"noreferrer noopener\">http:\/\/help.opera.com\/opera\/Windows\/1781\/it\/controlPages.html#manageCookies<\/a><\/li>\n<\/ul>\n\n\n\n<h4 class=\"wp-block-heading\">Ulteriori informazioni<\/h4>\n\n\n\n<ul class=\"wp-block-list\">\n<li><a href=\"http:\/\/www.allaboutcookies.org\/\" target=\"_blank\" rel=\"noreferrer noopener\">www.allaboutcookies.org<\/a> (per maggiori informazioni sulle tecnologie cookies e sul loro funzionamento)<\/li>\n\n\n\n<li><a href=\"http:\/\/www.youronlinechoices.com\/it\/a-proposito\" target=\"_blank\" rel=\"noreferrer noopener\">www.youronlinechoices.com\/it\/a-proposito<\/a> (consente agli utenti di opporsi all\u2019installazione dei principali cookie di profilazione)<\/li>\n\n\n\n<li><a href=\"http:\/\/www.garanteprivacy.it\/cookie\" target=\"_blank\" rel=\"noreferrer noopener\">www.garanteprivacy.it\/cookie<\/a> (raccolta dei principali interventi normativi in materia da parte dell\u2019Autorit\u00e0 Garante Italiana)<\/li>\n<\/ul>\n\n\n\n<p>Per maggiori informazioni o per esercitare i diritti di cui agli Articoli, da 15 a 22, del Regolamento Privacy Europeo n. 679\/16 \u00e8 possibile contattare il Titolare del trattamento utilizzando i contatti presenti sul sito internet.<\/p>\n\n\n\n<h4 class=\"wp-block-heading\">Servizi specifici<\/h4>\n\n\n\n<p>Il sito potrebbe contenere form di raccolta dati finalizzati a garantire al navigatore eventuali servizi\/funzionalit\u00e0 (es: richiedi informazioni, registrazioni, ecc.).<\/p>\n\n\n\n<figure class=\"wp-block-table\"><table class=\"has-fixed-layout\"><tbody><tr><td><strong>Finalit\u00e0 e base giuridica del trattamento<\/strong><br>(GDPR-Art.13, comma 1, lett.c)<\/td><td>Vengono richiesti i dati identificativi e di contatto necessari per poter rispondere alle richieste degli interessati. L\u2019invio della richiesta \u00e8 subordinata specifico, libero ed informato consenso (GDPR-Art.6, comma1, lett.a).<\/td><\/tr><tr><td><strong>Ambito di comunicazione<\/strong><br>(GDPR-Art.13, comma 1, lett.e,f)<\/td><td>I dati sono trattati esclusivamente da personale regolarmente autorizzato ed istruito al trattamento (GDPR-Art.29) oppure da eventuali soggetti preposti alla manutenzione della piattaforma web o all\u2019erogazione del servizio (nominati in tal caso responsabili esterni).I dati non saranno diffusi o trasferiti in paesi extra-UE.<\/td><\/tr><tr><td><strong>Periodo di conservazione dei dati<\/strong><br>(GDPR-Art.13, comma 2, lett.a)<\/td><td>I dati sono conservati per tempi compatibili con la finalit\u00e0 della raccolta.<\/td><\/tr><tr><td><strong>Conferimento<\/strong><br>(GDPR-Art.13, comma 2, lett.f) I dati non sono conferiti dall\u2019interessato ma acquisiti automaticamente dai sistemi tecnologici del sito.<\/td><td>Il conferimento dei dati riferiti ai campi obbligatori \u00e8 necessario per poter ottenere una risposta, mentre i campi facoltativi sono finalizzati a fornire allo staff ulteriori elementi utili ad agevolare il contatto.<\/td><\/tr><\/tbody><\/table><\/figure>\n\n\n\n<h4 class=\"wp-block-heading\">Dati forniti volontariamente dall\u2019utente<\/h4>\n\n\n\n<p>L&#8217;invio facoltativo, esplicito e volontario di posta elettronica e\/o ordinaria agli indirizzi indicati su questo sito comporta la successiva acquisizione dell&#8217;indirizzo del mittente, necessario per rispondere alle richieste, nonch\u00e9 degli eventuali altri dati personali inseriti nella missiva. Qualora il mittente inviasse il proprio curriculum per sottoporre la propria candidatura professionale, esso rimane l\u2019unico responsabile della pertinenza ed esattezza dei dati inviati. Si segnala che eventuali curriculum sprovvisti dell\u2019autorizzazione al trattamento dei dati saranno immediatamente cancellati.<\/p>\n\n\n\n<h4 class=\"wp-block-heading\">Aggiornamento della Policy<\/h4>\n\n\n\n<p>Si segnala che la presente informativa pu\u00f2 essere oggetto di revisione periodica, anche in relazione alla normativa ed alla giurisprudenza di riferimento. In caso di variazioni significative verr\u00e0 data, per un tempo congruo, opportuna evidenza in home-page del sito. Si invita comunque l\u2019interessato a consultare periodicamente la presente policy.<\/p>\n\n\n\n<h3 class=\"wp-block-heading\">Informative<\/h3>\n\n\n\n<p>Si informano gli interessati riguardo ai seguenti temi:<\/p>\n\n\n\n<ul class=\"wp-block-list\">\n<li><a href=\"https:\/\/www.cantinecampana.it\/sito\/wp-content\/uploads\/2022\/03\/Informativa-sito-internet.pdf\" target=\"_blank\" rel=\"noreferrer noopener\">Informativa sito internet<\/a><\/li>\n\n\n\n<li><a href=\"https:\/\/www.cantinecampana.it\/sito\/wp-content\/uploads\/2022\/03\/Informativa-clienti-con-newsletter.pdf\" target=\"_blank\" rel=\"noreferrer noopener\">Informativa clienti con newsletter<\/a><\/li>\n\n\n\n<li><a href=\"https:\/\/www.cantinecampana.it\/sito\/wp-content\/uploads\/2022\/03\/Informativa-ordini.pdf\" target=\"_blank\" rel=\"noreferrer noopener\">Informativa ordini<\/a><\/li>\n<\/ul>\n\n\n\n<p><\/p>\n","protected":false},"excerpt":{"rendered":"<p>Cantine Campana- Qualit\u00e0 e Tradizione dal 1972 Informazioni fornite ai sensi dell\u2019Art.13 del Reg.UE 2016\/679 (di seguito GDPR) Informazioni di carattere generale Si informano gli interessati (ex. Art.4, c.1 del GDPR) dei seguenti profili generali, validi per tutti gli ambiti del trattamento: Riferimenti e diritti degli interessati Dati di contatto del Titolare Indirizzo: Via Madonna [&hellip;]<\/p>\n","protected":false},"author":1,"featured_media":0,"parent":0,"menu_order":0,"comment_status":"closed","ping_status":"closed","template":"","meta":{"footnotes":""},"class_list":["post-3","page","type-page","status-publish","hentry"],"yoast_head":"<!-- This site is optimized with the Yoast SEO plugin v27.4 - https:\/\/yoast.com\/product\/yoast-seo-wordpress\/ -->\n<title>Privacy e cookie Policy - La Ciocca<\/title>\n<meta name=\"robots\" content=\"index, follow, max-snippet:-1, max-image-preview:large, max-video-preview:-1\" \/>\n<link rel=\"canonical\" href=\"https:\/\/laciocca.it\/en\/privacy-e-cookie-policy\/\" \/>\n<meta property=\"og:locale\" content=\"en_GB\" \/>\n<meta property=\"og:type\" content=\"article\" \/>\n<meta property=\"og:title\" content=\"Privacy e cookie Policy - La Ciocca\" \/>\n<meta property=\"og:description\" content=\"Cantine Campana- Qualit\u00e0 e Tradizione dal 1972 Informazioni fornite ai sensi dell\u2019Art.13 del Reg.UE 2016\/679 (di seguito GDPR) Informazioni di carattere generale Si informano gli interessati (ex. Art.4, c.1 del GDPR) dei seguenti profili generali, validi per tutti gli ambiti del trattamento: Riferimenti e diritti degli interessati Dati di contatto del Titolare Indirizzo: Via Madonna [&hellip;]\" \/>\n<meta property=\"og:url\" content=\"https:\/\/laciocca.it\/en\/privacy-e-cookie-policy\/\" \/>\n<meta property=\"og:site_name\" content=\"La Ciocca\" \/>\n<meta property=\"article:modified_time\" content=\"2025-02-03T15:10:31+00:00\" \/>\n<meta name=\"twitter:card\" content=\"summary_large_image\" \/>\n<meta name=\"twitter:label1\" content=\"Estimated reading time\" \/>\n\t<meta name=\"twitter:data1\" content=\"8 minutes\" \/>\n<script type=\"application\/ld+json\" class=\"yoast-schema-graph\">{\"@context\":\"https:\\\/\\\/schema.org\",\"@graph\":[{\"@type\":\"WebPage\",\"@id\":\"https:\\\/\\\/laciocca.it\\\/privacy-e-cookie-policy\\\/\",\"url\":\"https:\\\/\\\/laciocca.it\\\/privacy-e-cookie-policy\\\/\",\"name\":\"Privacy e cookie Policy - La Ciocca\",\"isPartOf\":{\"@id\":\"https:\\\/\\\/laciocca.it\\\/#website\"},\"datePublished\":\"2024-09-13T17:13:57+00:00\",\"dateModified\":\"2025-02-03T15:10:31+00:00\",\"breadcrumb\":{\"@id\":\"https:\\\/\\\/laciocca.it\\\/privacy-e-cookie-policy\\\/#breadcrumb\"},\"inLanguage\":\"en-GB\",\"potentialAction\":[{\"@type\":\"ReadAction\",\"target\":[\"https:\\\/\\\/laciocca.it\\\/privacy-e-cookie-policy\\\/\"]}]},{\"@type\":\"BreadcrumbList\",\"@id\":\"https:\\\/\\\/laciocca.it\\\/privacy-e-cookie-policy\\\/#breadcrumb\",\"itemListElement\":[{\"@type\":\"ListItem\",\"position\":1,\"name\":\"Home\",\"item\":\"https:\\\/\\\/laciocca.it\\\/\"},{\"@type\":\"ListItem\",\"position\":2,\"name\":\"Privacy e cookie Policy\"}]},{\"@type\":\"WebSite\",\"@id\":\"https:\\\/\\\/laciocca.it\\\/#website\",\"url\":\"https:\\\/\\\/laciocca.it\\\/\",\"name\":\"La Ciocca\",\"description\":\"\",\"publisher\":{\"@id\":\"https:\\\/\\\/laciocca.it\\\/#organization\"},\"potentialAction\":[{\"@type\":\"SearchAction\",\"target\":{\"@type\":\"EntryPoint\",\"urlTemplate\":\"https:\\\/\\\/laciocca.it\\\/?s={search_term_string}\"},\"query-input\":{\"@type\":\"PropertyValueSpecification\",\"valueRequired\":true,\"valueName\":\"search_term_string\"}}],\"inLanguage\":\"en-GB\"},{\"@type\":\"Organization\",\"@id\":\"https:\\\/\\\/laciocca.it\\\/#organization\",\"name\":\"La Ciocca\",\"url\":\"https:\\\/\\\/laciocca.it\\\/\",\"logo\":{\"@type\":\"ImageObject\",\"inLanguage\":\"en-GB\",\"@id\":\"https:\\\/\\\/laciocca.it\\\/#\\\/schema\\\/logo\\\/image\\\/\",\"url\":\"https:\\\/\\\/laciocca.it\\\/wp-content\\\/uploads\\\/2024\\\/10\\\/LaCiocca_logo_big.webp\",\"contentUrl\":\"https:\\\/\\\/laciocca.it\\\/wp-content\\\/uploads\\\/2024\\\/10\\\/LaCiocca_logo_big.webp\",\"width\":1200,\"height\":1407,\"caption\":\"La Ciocca\"},\"image\":{\"@id\":\"https:\\\/\\\/laciocca.it\\\/#\\\/schema\\\/logo\\\/image\\\/\"}}]}<\/script>\n<!-- \/ Yoast SEO plugin. -->","yoast_head_json":{"title":"Privacy e cookie Policy - La Ciocca","robots":{"index":"index","follow":"follow","max-snippet":"max-snippet:-1","max-image-preview":"max-image-preview:large","max-video-preview":"max-video-preview:-1"},"canonical":"https:\/\/laciocca.it\/en\/privacy-e-cookie-policy\/","og_locale":"en_GB","og_type":"article","og_title":"Privacy e cookie Policy - La Ciocca","og_description":"Cantine Campana- Qualit\u00e0 e Tradizione dal 1972 Informazioni fornite ai sensi dell\u2019Art.13 del Reg.UE 2016\/679 (di seguito GDPR) Informazioni di carattere generale Si informano gli interessati (ex. Art.4, c.1 del GDPR) dei seguenti profili generali, validi per tutti gli ambiti del trattamento: Riferimenti e diritti degli interessati Dati di contatto del Titolare Indirizzo: Via Madonna [&hellip;]","og_url":"https:\/\/laciocca.it\/en\/privacy-e-cookie-policy\/","og_site_name":"La Ciocca","article_modified_time":"2025-02-03T15:10:31+00:00","twitter_card":"summary_large_image","twitter_misc":{"Estimated reading time":"8 minutes"},"schema":{"@context":"https:\/\/schema.org","@graph":[{"@type":"WebPage","@id":"https:\/\/laciocca.it\/privacy-e-cookie-policy\/","url":"https:\/\/laciocca.it\/privacy-e-cookie-policy\/","name":"Privacy e cookie Policy - La Ciocca","isPartOf":{"@id":"https:\/\/laciocca.it\/#website"},"datePublished":"2024-09-13T17:13:57+00:00","dateModified":"2025-02-03T15:10:31+00:00","breadcrumb":{"@id":"https:\/\/laciocca.it\/privacy-e-cookie-policy\/#breadcrumb"},"inLanguage":"en-GB","potentialAction":[{"@type":"ReadAction","target":["https:\/\/laciocca.it\/privacy-e-cookie-policy\/"]}]},{"@type":"BreadcrumbList","@id":"https:\/\/laciocca.it\/privacy-e-cookie-policy\/#breadcrumb","itemListElement":[{"@type":"ListItem","position":1,"name":"Home","item":"https:\/\/laciocca.it\/"},{"@type":"ListItem","position":2,"name":"Privacy e cookie Policy"}]},{"@type":"WebSite","@id":"https:\/\/laciocca.it\/#website","url":"https:\/\/laciocca.it\/","name":"La Ciocca","description":"","publisher":{"@id":"https:\/\/laciocca.it\/#organization"},"potentialAction":[{"@type":"SearchAction","target":{"@type":"EntryPoint","urlTemplate":"https:\/\/laciocca.it\/?s={search_term_string}"},"query-input":{"@type":"PropertyValueSpecification","valueRequired":true,"valueName":"search_term_string"}}],"inLanguage":"en-GB"},{"@type":"Organization","@id":"https:\/\/laciocca.it\/#organization","name":"La Ciocca","url":"https:\/\/laciocca.it\/","logo":{"@type":"ImageObject","inLanguage":"en-GB","@id":"https:\/\/laciocca.it\/#\/schema\/logo\/image\/","url":"https:\/\/laciocca.it\/wp-content\/uploads\/2024\/10\/LaCiocca_logo_big.webp","contentUrl":"https:\/\/laciocca.it\/wp-content\/uploads\/2024\/10\/LaCiocca_logo_big.webp","width":1200,"height":1407,"caption":"La Ciocca"},"image":{"@id":"https:\/\/laciocca.it\/#\/schema\/logo\/image\/"}}]}},"_links":{"self":[{"href":"https:\/\/laciocca.it\/en\/wp-json\/wp\/v2\/pages\/3","targetHints":{"allow":["GET"]}}],"collection":[{"href":"https:\/\/laciocca.it\/en\/wp-json\/wp\/v2\/pages"}],"about":[{"href":"https:\/\/laciocca.it\/en\/wp-json\/wp\/v2\/types\/page"}],"author":[{"embeddable":true,"href":"https:\/\/laciocca.it\/en\/wp-json\/wp\/v2\/users\/1"}],"replies":[{"embeddable":true,"href":"https:\/\/laciocca.it\/en\/wp-json\/wp\/v2\/comments?post=3"}],"version-history":[{"count":5,"href":"https:\/\/laciocca.it\/en\/wp-json\/wp\/v2\/pages\/3\/revisions"}],"predecessor-version":[{"id":929,"href":"https:\/\/laciocca.it\/en\/wp-json\/wp\/v2\/pages\/3\/revisions\/929"}],"wp:attachment":[{"href":"https:\/\/laciocca.it\/en\/wp-json\/wp\/v2\/media?parent=3"}],"curies":[{"name":"wp","href":"https:\/\/api.w.org\/{rel}","templated":true}]}}